{"id":442,"date":"2025-01-04T14:33:50","date_gmt":"2025-01-04T13:33:50","guid":{"rendered":"https:\/\/lampenmaxe.de\/?page_id=442"},"modified":"2025-05-29T08:50:10","modified_gmt":"2025-05-29T06:50:10","slug":"coleman-520","status":"publish","type":"page","link":"https:\/\/lampenmaxe.de\/?page_id=442","title":{"rendered":"Coleman 520"},"content":{"rendered":"\n<figure class=\"wp-block-image alignleft size-full\"><img loading=\"lazy\" decoding=\"async\" width=\"297\" height=\"518\" src=\"https:\/\/lampenmaxe.de\/wp-content\/uploads\/2025\/01\/coleman520_01.jpg\" alt=\"\" class=\"wp-image-443\" srcset=\"https:\/\/lampenmaxe.de\/wp-content\/uploads\/2025\/01\/coleman520_01.jpg 297w, https:\/\/lampenmaxe.de\/wp-content\/uploads\/2025\/01\/coleman520_01-172x300.jpg 172w\" sizes=\"auto, (max-width: 297px) 100vw, 297px\" \/><\/figure>\n\n\n\n<h1 class=\"wp-block-heading\">GI-Kocher<\/h1>\n\n\n\n<p><strong>Typ:<\/strong> Coleman\u00ae 520<\/p>\n\n\n\n<p><strong>Baujahr:<\/strong> 1944 (gestempelt)<\/p>\n\n\n\n<p><strong>Namensgebung:<\/strong> Sowas hatten damals die amerikanischen Soldaten im Gep\u00e4ck.<\/p>\n\n\n\n<p><strong>Anschaffung:<\/strong> Ende November 2009<\/p>\n\n\n\n<p><strong>Zustand:<\/strong> Reichlich benutzt, abgeschrabbelt, versifft; Pumpe hatte keinen Durchgang zum Tank.<\/p>\n\n\n\n<h2 class=\"wp-block-heading\">Besonderheiten<\/h2>\n\n\n\n<p>So richtig gibt es eigentlich keine. Das Teil ist halt ein benzinbetriebener US-Milit\u00e4rkocher, dazu von <strong>Coleman\u00ae<\/strong>. Ach so, dann gibt&#8217;s ja doch eine Besonderheit: Eine Vorw\u00e4rmschale am Vergaser, was f\u00fcr Colem\u00e4nner doch untypisch ist. Sie sorgt aber auf jeden Fall f\u00fcr einen saubereren Start, als es nach der bei Benzinger\u00e4ten von <strong>Coleman\u00ae<\/strong> \u00fcblichen Art m\u00f6glich ist. Normalerweise wird erst gepumpt und dann das Handrad eine Vierteldrehung ge\u00f6ffnet. Die Ventilmechanik sorgt daf\u00fcr, da\u00df in dieser Stellung das Gasgemisch oberhalb des Fl\u00fcssigkeitsspiegels zum Brenner gef\u00fchrt und zwecks Vorw\u00e4rmung verbrannt wird, wobei man weiterhin pumpen muss. Ist dies ausreichend geschehen (die Flamme soll sauber und stabil sein), wird das Ventil ganz ge\u00f6ffnet, und fl\u00fcssiger Brennstff wird zum Vergaser geleitet. Das funktioniert, aber mit Spiritus in der Vorw\u00e4rmschale gibt&#8217;s eindeutig weniger Qualm und Gestank.<\/p>\n\n\n\n<figure class=\"wp-block-image alignright size-full\"><img loading=\"lazy\" decoding=\"async\" width=\"467\" height=\"193\" src=\"https:\/\/lampenmaxe.de\/wp-content\/uploads\/2025\/01\/coleman520_14.jpg\" alt=\"\" class=\"wp-image-444\" srcset=\"https:\/\/lampenmaxe.de\/wp-content\/uploads\/2025\/01\/coleman520_14.jpg 467w, https:\/\/lampenmaxe.de\/wp-content\/uploads\/2025\/01\/coleman520_14-300x124.jpg 300w\" sizes=\"auto, (max-width: 467px) 100vw, 467px\" \/><\/figure>\n\n\n\n<p>In der \u201eZigarrentube\u201c, die am Gestell in einem Klemmhalter befestigt wird, befinden sich Ersatzteile: Ein zweites Vergaserrohr, Filterstopfungen, D\u00fcsen, Nadeln und eine Graphitpackung f\u00fcr die Ventilstopfbuchse. Ein \u201eMultifunktionswerkzeug\u201c hat ebenfalls eine Halterung innen im Gestell.<\/p>\n\n\n\n<h2 class=\"wp-block-heading\">Seine Geschichte<\/h2>\n\n\n\n<p>Sein Erst-Einsatz lag wohl deutlich vor meiner Zeit. ,-) Auf jeden Fall d\u00fcrfte er flei\u00dfig benutzt worden sein, denn das, was ich am Gestell f\u00fcr eine schwarze Lackierung hielt, entpuppte sich nach Vergleich mit anderen Fotos dieser Kocher (bei <a href=\"http:\/\/www.spiritburner.com\/fusion\/showgallery.php?fid\/255\/fp\/1\/\" target=\"_blank\" rel=\"noreferrer noopener\"><em>Classic Camp Stoves<\/em><\/a> gibt&#8217;s eine Menge davon) als teeriger, ru\u00dfiger, \u00e4u\u00dferst hartn\u00e4ckiger R\u00fcckstand.<\/p>\n\n\n\n<p>Solcher sa\u00df wohl auch in dem R\u00f6hrchen, welches die Pumpe mit dem Tank verbindet, denn es war absolut kein Druck in den Tank zu bekommen.<\/p>\n\n\n\n<figure class=\"wp-block-image alignleft size-full\"><img loading=\"lazy\" decoding=\"async\" width=\"318\" height=\"323\" src=\"https:\/\/lampenmaxe.de\/wp-content\/uploads\/2025\/01\/coleman520_03.jpg\" alt=\"\" class=\"wp-image-445\" srcset=\"https:\/\/lampenmaxe.de\/wp-content\/uploads\/2025\/01\/coleman520_03.jpg 318w, https:\/\/lampenmaxe.de\/wp-content\/uploads\/2025\/01\/coleman520_03-295x300.jpg 295w\" sizes=\"auto, (max-width: 318px) 100vw, 318px\" \/><\/figure>\n\n\n\n<h2 class=\"wp-block-heading\">Was war zu tun?<\/h2>\n\n\n\n<p>Als Allererstes war es wichtig, daf\u00fcr zu sorgen, dass Druck in den Tank kam. Nach dem Ausbauen des Pumpenventils stellte ich fest, dass dieses g\u00e4ngig war, aber auch so keine Luft zwischen Pumpenschacht und Tank zu bewegen war. Es war auch nicht m\u00f6glich, bei ausgebautem Ventil durch den Schacht in den Tank hineinzuleuchten oder zu sehen. Konstruktionszeichnungen zeigen, dass man bei <strong>Coleman\u00ae<\/strong> die Pumpe nicht einfach durch den Brennstoff im Tank \u201eblubbern\u201c l\u00e4sst, wie man es von <strong>Petromax\u00ae<\/strong> und Klonen sowie vielen anderen Fabrikaten kennt. Vielmehr sitzt am unteren Ende des Pumpenschachtes eine Kappe, von der ein R\u00f6hrchen zur Tankoberseite f\u00fchrt. Das sorgt auf jeden Fall daf\u00fcr, dass beim Versagen des Pumpenventils nicht der Brennstoff in den Pumpenschacht (oder noch weiter heraus) gedr\u00fcckt wird.<\/p>\n\n\n\n<figure class=\"wp-block-image alignright size-full\"><img loading=\"lazy\" decoding=\"async\" width=\"367\" height=\"330\" src=\"https:\/\/lampenmaxe.de\/wp-content\/uploads\/2025\/01\/coleman520_02.jpg\" alt=\"\" class=\"wp-image-446\" srcset=\"https:\/\/lampenmaxe.de\/wp-content\/uploads\/2025\/01\/coleman520_02.jpg 367w, https:\/\/lampenmaxe.de\/wp-content\/uploads\/2025\/01\/coleman520_02-300x270.jpg 300w\" sizes=\"auto, (max-width: 367px) 100vw, 367px\" \/><\/figure>\n\n\n\n<p>Bei mir jedoch sorgte es auf jeden Fall erst einmal f\u00fcr Ver\u00e4rgerung. Es ist n\u00e4mlich nicht m\u00f6glich, von au\u00dfen an dieses Bauteil heranzukommen. Es blieb also nichts anderes \u00fcbrig, als den Tankboden zu entfernen \u2013 geb\u00f6rdelt und eingel\u00f6tet, sehr spa\u00dfig also. Ich habe den ganzen Tank warmgemacht und immer st\u00fcckweise die B\u00f6rdelung aufgebogen, bis ich den Tankboden herausnehmen konnte. So kam ich an diese <del>sch***verd#$%@*\u00b0!!!<\/del> Kappe, konnte sie abl\u00f6ten und das Luftr\u00f6hrchen mit feinem Draht freistochern. Da jetzt ohnehin eine Neulackierung das Tanks n\u00f6tig war, konnte ich auch gleich alles innen und au\u00dfen verzinnen. Dazu gab&#8217;s Verzinnungspaste, und mein <a href=\"https:\/\/lampenmaxe.de\/?page_id=1644\" data-type=\"page\" data-id=\"1644\">Well Straler\u00ae Standart<\/a> leistete beim ganzfl\u00e4chigen Erw\u00e4rmen gute Dienste: Teile mit Paste einstreichen, auf das Ofengitter legen und warten, bis alles gleichm\u00e4\u00dfig verlaufen ist.<\/p>\n\n\n\n<figure class=\"wp-block-image alignleft size-full\"><img loading=\"lazy\" decoding=\"async\" width=\"368\" height=\"287\" src=\"https:\/\/lampenmaxe.de\/wp-content\/uploads\/2025\/01\/coleman520_04.jpg\" alt=\"\" class=\"wp-image-447\" srcset=\"https:\/\/lampenmaxe.de\/wp-content\/uploads\/2025\/01\/coleman520_04.jpg 368w, https:\/\/lampenmaxe.de\/wp-content\/uploads\/2025\/01\/coleman520_04-300x234.jpg 300w\" sizes=\"auto, (max-width: 368px) 100vw, 368px\" \/><\/figure>\n\n\n\n<figure class=\"wp-block-image alignright size-full\"><img loading=\"lazy\" decoding=\"async\" width=\"318\" height=\"270\" src=\"https:\/\/lampenmaxe.de\/wp-content\/uploads\/2025\/01\/coleman520_06.jpg\" alt=\"\" class=\"wp-image-449\" srcset=\"https:\/\/lampenmaxe.de\/wp-content\/uploads\/2025\/01\/coleman520_06.jpg 318w, https:\/\/lampenmaxe.de\/wp-content\/uploads\/2025\/01\/coleman520_06-300x255.jpg 300w\" sizes=\"auto, (max-width: 318px) 100vw, 318px\" \/><\/figure>\n\n\n\n<p>Sodann konnte ich die Pumpe wieder zusammenl\u00f6ten, den Tankboden einsetzen und erst einmal an einigen Punkten mit Weichlot fixieren. Dann ging es mit dem Hammer St\u00fcck f\u00fcr St\u00fcck rundherum, bis die umlaufende Kante des Tanks wieder nach innen umgeb\u00f6rdelt war. Nun habe ich das Ganze noch einmal ordentlich erw\u00e4rmt und satt Weichlot in die Bodennaht einflie\u00dfen lassen. Ein bisschen Nacharbeit war an den F\u00fc\u00dfen n\u00f6tig; hier sind Federst\u00fccke eingesetzt, die durch Reibung daf\u00fcr sorgen, dass die F\u00fc\u00dfe nicht lose herumschlackern. Da musste ich ein bisschen nachrichten.<\/p>\n\n\n\n<figure class=\"wp-block-image alignleft size-full\"><img loading=\"lazy\" decoding=\"async\" width=\"318\" height=\"415\" src=\"https:\/\/lampenmaxe.de\/wp-content\/uploads\/2025\/01\/coleman520_05.jpg\" alt=\"\" class=\"wp-image-452\" srcset=\"https:\/\/lampenmaxe.de\/wp-content\/uploads\/2025\/01\/coleman520_05.jpg 318w, https:\/\/lampenmaxe.de\/wp-content\/uploads\/2025\/01\/coleman520_05-230x300.jpg 230w\" sizes=\"auto, (max-width: 318px) 100vw, 318px\" \/><\/figure>\n\n\n\n<figure class=\"wp-block-image alignright size-full\"><img loading=\"lazy\" decoding=\"async\" width=\"367\" height=\"339\" src=\"https:\/\/lampenmaxe.de\/wp-content\/uploads\/2025\/01\/coleman520_12.jpg\" alt=\"\" class=\"wp-image-453\" srcset=\"https:\/\/lampenmaxe.de\/wp-content\/uploads\/2025\/01\/coleman520_12.jpg 367w, https:\/\/lampenmaxe.de\/wp-content\/uploads\/2025\/01\/coleman520_12-300x277.jpg 300w\" sizes=\"auto, (max-width: 367px) 100vw, 367px\" \/><\/figure>\n\n\n\n<p>Nun war alles wieder zusammen, und nach einer Dichtigkeitspr\u00fcfung bekam der Tank erneut ein farbenfrohes Oliv. ,-) Auch wenn es nicht original ist, habe ich mich entschlossen, das Gestell ebenfalls zu lackieren, denn der Rostschutz war nach der Reinigung sowieso dahin. Am best\u00e4ndigsten hat sich hier immer noch schwarzer Einbrennlack erwiesen, der bis 600\u00b0C w\u00e4rmefest ist.<\/p>\n\n\n\n<p>Leider sind die beiden Aluschilder mit der Bedienungsanleitung ziemlich unleserlich geworden, obwohl ich sie laternich vom Gestell entfernt hatte, bevor dieses mit den doch etwas sch\u00e4rferen Mittelchen behandelt wurde.<\/p>\n\n\n\n<p>W\u00e4hrend die lackierten Teile so vor sich hintrockneten, konnte ich mich \u00fcber Brenner, Vergaser und Ventil hermachen. Im Grunde war alles funktionabel und beweglich, aber auch ziemlich verdreckt. Auf dem linken Foto sieht man im Vordergrund ein Teil, das ich mal Steuerstange nenne. Im Zusammenspiel mit einer Feder und dem Konus an der Ventilspindel wird sie so bewegt, dass die \u00f6ffnung unten am Steigrohr verschlossen ist, wenn man die Spindel um die bereits genannte Vierteldrehung \u00f6ffnet. Dreht man weiter, schiebt die Feder diese Stange weiter nach oben, und sie gibt die Steigrohr\u00f6ffnung frei.<\/p>\n\n\n\n<p>Der abgewinkelte Hebel bedient die D\u00fcsenreinigungsnadel, die nach den Worten der Aluschildchen ausdr\u00fccklich zwecks Kleinstellung der Flamme verwendet werden darf, denn dies funktioniert \u00fcber das Ventil nur sehr begrenzt bis digital.<\/p>\n\n\n\n<figure class=\"wp-block-image alignleft size-full\"><img loading=\"lazy\" decoding=\"async\" width=\"367\" height=\"285\" src=\"https:\/\/lampenmaxe.de\/wp-content\/uploads\/2025\/01\/coleman520_10.jpg\" alt=\"\" class=\"wp-image-455\" title=\"Brenner zerlegt\" srcset=\"https:\/\/lampenmaxe.de\/wp-content\/uploads\/2025\/01\/coleman520_10.jpg 367w, https:\/\/lampenmaxe.de\/wp-content\/uploads\/2025\/01\/coleman520_10-300x233.jpg 300w\" sizes=\"auto, (max-width: 367px) 100vw, 367px\" \/><\/figure>\n\n\n\n<figure class=\"wp-block-image size-full\"><img loading=\"lazy\" decoding=\"async\" width=\"417\" height=\"322\" src=\"https:\/\/lampenmaxe.de\/wp-content\/uploads\/2025\/01\/coleman520_11.jpg\" alt=\"\" class=\"wp-image-456\" title=\"Armaturen\" srcset=\"https:\/\/lampenmaxe.de\/wp-content\/uploads\/2025\/01\/coleman520_11.jpg 417w, https:\/\/lampenmaxe.de\/wp-content\/uploads\/2025\/01\/coleman520_11-300x232.jpg 300w\" sizes=\"auto, (max-width: 417px) 100vw, 417px\" \/><\/figure>\n\n\n\n<p>Ein bisschen merkw\u00fcrdig finde ich die Bauweise des Brenners mit Windschutz: Um die D\u00fcse zu wechseln, muss man den Brenner abschrauben, was nur recht gelingt, wenn der Windschutz ab ist, da man sonst nirgendwo richtig anfassen kann. Und den kriegt man nur raus, indem man am Brennerhut die Laschen aufbiegt \u2013 ich glaube, das sollte man nicht zu oft machen oder den Brenner wirklich nur eben handfest andrehen.<\/p>\n\n\n\n<p>Interessant ist die Konstruktion der ausklappbaren Topfauflage: Die einzelnen Ausleger werden einfach mit einem Splint als Gelenk befestigt. Ich sage mal: Einfach, billig \u2013 und klapprig beim Transport. Aber wenn Gewicht draufsteht, h\u00e4lt das Patent recht ordentlich.<\/p>\n\n\n\n<figure class=\"wp-block-image alignleft size-full\"><img loading=\"lazy\" decoding=\"async\" width=\"318\" height=\"274\" src=\"https:\/\/lampenmaxe.de\/wp-content\/uploads\/2025\/01\/coleman520_07.jpg\" alt=\"\" class=\"wp-image-458\" srcset=\"https:\/\/lampenmaxe.de\/wp-content\/uploads\/2025\/01\/coleman520_07.jpg 318w, https:\/\/lampenmaxe.de\/wp-content\/uploads\/2025\/01\/coleman520_07-300x258.jpg 300w\" sizes=\"auto, (max-width: 318px) 100vw, 318px\" \/><\/figure>\n\n\n\n<figure class=\"wp-block-image size-full\"><img loading=\"lazy\" decoding=\"async\" width=\"367\" height=\"369\" src=\"https:\/\/lampenmaxe.de\/wp-content\/uploads\/2025\/01\/coleman520_13.jpg\" alt=\"\" class=\"wp-image-459\" srcset=\"https:\/\/lampenmaxe.de\/wp-content\/uploads\/2025\/01\/coleman520_13.jpg 367w, https:\/\/lampenmaxe.de\/wp-content\/uploads\/2025\/01\/coleman520_13-298x300.jpg 298w, https:\/\/lampenmaxe.de\/wp-content\/uploads\/2025\/01\/coleman520_13-150x150.jpg 150w\" sizes=\"auto, (max-width: 367px) 100vw, 367px\" \/><\/figure>\n\n\n\n<p> Ach so, ja&#8230; Es gibt auch Ausf\u00fchrungen dieses Kochers mit <em>vier<\/em> Klappf\u00fc\u00dfen. Diese Variante hier ist aber eindeutig die standfestere, so wie ein Stuhl mit drei Beinen niemals wackeln kann. Warum? \u2013 Die Begr\u00fcndung ist eine mathematische:<\/p>\n\n\n\n<blockquote class=\"wp-block-quote is-layout-flow wp-block-quote-is-layout-flow\">\n<p>Durch drei Punkte l\u00e4sst sich <strong>immer<\/strong> eine Ebene legen, denn eine Ebene kann durch drei Punkte definiert werden. Oder durch einen Punkt und zwei Vektoren, die ja aber letztlich von einem Punkt auf zwei andere zeigen, nicht wahr&#8230; ,-) Kommen weitere Punkte (ein vierter Fu\u00df z.B.) hinzu, k\u00f6nnen sie in derselben Ebene liegen, der Stuhl steht dann wackelfrei. Sie m\u00fcssen es aber nicht, und die Angelegenheit wird kippelig.<\/p>\n<\/blockquote>\n\n\n\n<p>Aber egal. <\/p>\n\n\n\n<figure class=\"wp-block-image alignright size-full\"><img loading=\"lazy\" decoding=\"async\" width=\"367\" height=\"626\" src=\"https:\/\/lampenmaxe.de\/wp-content\/uploads\/2025\/01\/coleman520_09.jpg\" alt=\"\" class=\"wp-image-461\" srcset=\"https:\/\/lampenmaxe.de\/wp-content\/uploads\/2025\/01\/coleman520_09.jpg 367w, https:\/\/lampenmaxe.de\/wp-content\/uploads\/2025\/01\/coleman520_09-176x300.jpg 176w\" sizes=\"auto, (max-width: 367px) 100vw, 367px\" \/><\/figure>\n\n\n\n<p><strong>Und jetzt: Alles fertig! Tanken, pumpen, anwerfen \u2013 Kaffeewasser kochen!<\/strong><\/p>\n\n\n\n<figure class=\"wp-block-image size-full\"><img loading=\"lazy\" decoding=\"async\" width=\"367\" height=\"273\" src=\"https:\/\/lampenmaxe.de\/wp-content\/uploads\/2025\/01\/coleman520_08.jpg\" alt=\"\" class=\"wp-image-460\" srcset=\"https:\/\/lampenmaxe.de\/wp-content\/uploads\/2025\/01\/coleman520_08.jpg 367w, https:\/\/lampenmaxe.de\/wp-content\/uploads\/2025\/01\/coleman520_08-300x223.jpg 300w\" sizes=\"auto, (max-width: 367px) 100vw, 367px\" \/><\/figure>\n","protected":false},"excerpt":{"rendered":"<p>GI-Kocher Typ: Coleman\u00ae 520 Baujahr: 1944 (gestempelt) Namensgebung: Sowas hatten damals die amerikanischen Soldaten im Gep\u00e4ck. Anschaffung: Ende November 2009 [&hellip;]<\/p>\n","protected":false},"author":1,"featured_media":0,"parent":0,"menu_order":0,"comment_status":"closed","ping_status":"closed","template":"","meta":{"site-sidebar-layout":"default","site-content-layout":"","ast-site-content-layout":"","site-content-style":"default","site-sidebar-style":"default","ast-global-header-display":"","ast-banner-title-visibility":"","ast-main-header-display":"","ast-hfb-above-header-display":"","ast-hfb-below-header-display":"","ast-hfb-mobile-header-display":"","site-post-title":"disabled","ast-breadcrumbs-content":"","ast-featured-img":"","footer-sml-layout":"","theme-transparent-header-meta":"","adv-header-id-meta":"","stick-header-meta":"","header-above-stick-meta":"","header-main-stick-meta":"","header-below-stick-meta":"","astra-migrate-meta-layouts":"default","ast-page-background-enabled":"default","ast-page-background-meta":{"desktop":{"background-color":"var(--ast-global-color-5)","background-image":"","background-repeat":"repeat","background-position":"center center","background-size":"auto","background-attachment":"scroll","background-type":"","background-media":"","overlay-type":"","overlay-color":"","overlay-opacity":"","overlay-gradient":""},"tablet":{"background-color":"","background-image":"","background-repeat":"repeat","background-position":"center center","background-size":"auto","background-attachment":"scroll","background-type":"","background-media":"","overlay-type":"","overlay-color":"","overlay-opacity":"","overlay-gradient":""},"mobile":{"background-color":"","background-image":"","background-repeat":"repeat","background-position":"center center","background-size":"auto","background-attachment":"scroll","background-type":"","background-media":"","overlay-type":"","overlay-color":"","overlay-opacity":"","overlay-gradient":""}},"ast-content-background-meta":{"desktop":{"background-color":"var(--ast-global-color-4)","background-image":"","background-repeat":"repeat","background-position":"center center","background-size":"auto","background-attachment":"scroll","background-type":"","background-media":"","overlay-type":"","overlay-color":"","overlay-opacity":"","overlay-gradient":""},"tablet":{"background-color":"var(--ast-global-color-4)","background-image":"","background-repeat":"repeat","background-position":"center center","background-size":"auto","background-attachment":"scroll","background-type":"","background-media":"","overlay-type":"","overlay-color":"","overlay-opacity":"","overlay-gradient":""},"mobile":{"background-color":"var(--ast-global-color-4)","background-image":"","background-repeat":"repeat","background-position":"center center","background-size":"auto","background-attachment":"scroll","background-type":"","background-media":"","overlay-type":"","overlay-color":"","overlay-opacity":"","overlay-gradient":""}},"footnotes":""},"class_list":["post-442","page","type-page","status-publish","hentry"],"aioseo_notices":[],"_links":{"self":[{"href":"https:\/\/lampenmaxe.de\/index.php?rest_route=\/wp\/v2\/pages\/442","targetHints":{"allow":["GET"]}}],"collection":[{"href":"https:\/\/lampenmaxe.de\/index.php?rest_route=\/wp\/v2\/pages"}],"about":[{"href":"https:\/\/lampenmaxe.de\/index.php?rest_route=\/wp\/v2\/types\/page"}],"author":[{"embeddable":true,"href":"https:\/\/lampenmaxe.de\/index.php?rest_route=\/wp\/v2\/users\/1"}],"replies":[{"embeddable":true,"href":"https:\/\/lampenmaxe.de\/index.php?rest_route=%2Fwp%2Fv2%2Fcomments&post=442"}],"version-history":[{"count":8,"href":"https:\/\/lampenmaxe.de\/index.php?rest_route=\/wp\/v2\/pages\/442\/revisions"}],"predecessor-version":[{"id":2162,"href":"https:\/\/lampenmaxe.de\/index.php?rest_route=\/wp\/v2\/pages\/442\/revisions\/2162"}],"wp:attachment":[{"href":"https:\/\/lampenmaxe.de\/index.php?rest_route=%2Fwp%2Fv2%2Fmedia&parent=442"}],"curies":[{"name":"wp","href":"https:\/\/api.w.org\/{rel}","templated":true}]}}