{"id":219,"date":"2025-01-02T18:25:06","date_gmt":"2025-01-02T17:25:06","guid":{"rendered":"https:\/\/lampenmaxe.de\/?page_id=219"},"modified":"2025-05-28T18:10:44","modified_gmt":"2025-05-28T16:10:44","slug":"aladdin","status":"publish","type":"page","link":"https:\/\/lampenmaxe.de\/?page_id=219","title":{"rendered":"Aladdin"},"content":{"rendered":"\n<figure class=\"wp-block-image alignleft size-full\"><img loading=\"lazy\" decoding=\"async\" width=\"322\" height=\"550\" src=\"https:\/\/lampenmaxe.de\/wp-content\/uploads\/2025\/01\/aladding.jpg\" alt=\"\" class=\"wp-image-220\" srcset=\"https:\/\/lampenmaxe.de\/wp-content\/uploads\/2025\/01\/aladding.jpg 322w, https:\/\/lampenmaxe.de\/wp-content\/uploads\/2025\/01\/aladding-176x300.jpg 176w\" sizes=\"auto, (max-width: 322px) 100vw, 322px\" \/><\/figure>\n\n\n\n<h1 class=\"wp-block-heading\">Aladdin<\/h1>\n\n\n\n<p>Rauscht nicht, aber gibt auch Licht. ,-)<\/p>\n\n\n\n<p><strong>Typ:<\/strong> Aladdin\u00ae Lamp No. 23<\/p>\n\n\n\n<p><strong>Baujahr:<\/strong> Mitte 1990er-Jahre<\/p>\n\n\n\n<p><strong>Namensgebung:<\/strong> Selbstredend, oder?<\/p>\n\n\n\n<p><strong>Anschaffung:<\/strong> 1996 von meiner damaligen Frau zum Geburtstag bekommen. \ud83d\ude42<\/p>\n\n\n\n<p><strong>Zustand:<\/strong> Neu.<\/p>\n\n\n\n<h2 class=\"wp-block-heading\">Funktionsprinzip<\/h2>\n\n\n\n<p>Obwohl nicht druckbetrieben, kann man diesen Lampentyp doch als Starklichtlampe bezeichnen \u2013 die <strong>Aladdin<\/strong>\u00ae 23 entspricht immerhin einer 60W-Gl\u00fchlampe!<\/p>\n\n\n\n<p>Dies wird aber nicht durch die Flamme selbst erreicht. Vielmehr wird ebenfalls das <strong>Auer&#8217;sche Gl\u00fchlicht<\/strong> genutzt, nur wird der Gl\u00fchk\u00f6rper hier durch einen brennenden Docht beheizt statt durch ein Gas-Luft-Gemisch.<\/p>\n\n\n\n<p>Die Inbetriebnahme im Vergleich zu einer druckbetriebenen Lampe \u00e4hnelt dem Unterschied zwischen echtem Kakao und einem Fertigpulver:<\/p>\n\n\n\n<p><strong>Aladdin\u00ae<\/strong> ist instant! Sozusagen f\u00fcr den Nachttisch. Deckel ab, anz\u00fcnden, Deckel drauf \u2013 und schon wird&#8217;s hell. ,-)<\/p>\n\n\n\n<p>Wie erreicht man nun, dass eine Dochtlampe mit einer blauen Flamme brennt und so den Gl\u00fchk\u00f6rper fast wie eine Gasflamme beheizt?<\/p>\n\n\n\n<p>Ganz einfach im Prinzip: Durch Luftzufuhr. Jede gew\u00f6hnliche Dochtflamme brennt eigentlich zu fett oder, andersherum ausgedr\u00fcckt, unter Luftmangel und damit wenig effektiv. Und genau daran musste man arbeiten!<\/p>\n\n\n\n<p>Eine einfache Dochtlampe, ob nun mit Flach- oder Runddocht, bekommt die Luft von au\u00dfen her zugef\u00fchrt. Bei <strong>Aladdin\u00ae<\/strong> ging man einen anderen Weg: Die Luftzufuhr erfolgt durch das Innere des Runddochtes duch einen sogenannten Flame Spreader, auf Deutsch etwa \u201eFlammenspreizer\u201c. Das ist ein Einsatz in der Mitte des Dochtes mit einer Vielzahl seitlich gerichteter Bohrungen, der die Flamme auch gleich nach au\u00dfen lenkt und aufgrund des Kamineffektes die Luft durch das gitterartige Brennerunterteil regelrecht ansaugt, wenn die Lampe warm wird.<\/p>\n\n\n\n<p>Wie das alles in Wirklichkeit aussieht, zeigen folgende Bilder:<\/p>\n\n\n\n<figure class=\"wp-block-image alignleft size-full\"><img loading=\"lazy\" decoding=\"async\" width=\"482\" height=\"371\" src=\"https:\/\/lampenmaxe.de\/wp-content\/uploads\/2025\/01\/flamsprd.jpg\" alt=\"\" class=\"wp-image-221\" srcset=\"https:\/\/lampenmaxe.de\/wp-content\/uploads\/2025\/01\/flamsprd.jpg 482w, https:\/\/lampenmaxe.de\/wp-content\/uploads\/2025\/01\/flamsprd-300x231.jpg 300w\" sizes=\"auto, (max-width: 482px) 100vw, 482px\" \/><figcaption class=\"wp-element-caption\">Flame Spreader montiert<\/figcaption><\/figure>\n\n\n\n<figure class=\"wp-block-image alignleft size-full\"><img loading=\"lazy\" decoding=\"async\" width=\"392\" height=\"315\" src=\"https:\/\/lampenmaxe.de\/wp-content\/uploads\/2025\/01\/dochtglk-1.jpg\" alt=\"\" class=\"wp-image-226\" srcset=\"https:\/\/lampenmaxe.de\/wp-content\/uploads\/2025\/01\/dochtglk-1.jpg 392w, https:\/\/lampenmaxe.de\/wp-content\/uploads\/2025\/01\/dochtglk-1-300x241.jpg 300w\" sizes=\"auto, (max-width: 392px) 100vw, 392px\" \/><figcaption class=\"wp-element-caption\">Docht und Gl\u00fchk\u00f6rper (neu)<\/figcaption><\/figure>\n\n\n\n<figure class=\"wp-block-image alignright size-full\"><img loading=\"lazy\" decoding=\"async\" width=\"487\" height=\"373\" src=\"https:\/\/lampenmaxe.de\/wp-content\/uploads\/2025\/01\/alanzuen.jpg\" alt=\"\" class=\"wp-image-227\" srcset=\"https:\/\/lampenmaxe.de\/wp-content\/uploads\/2025\/01\/alanzuen.jpg 487w, https:\/\/lampenmaxe.de\/wp-content\/uploads\/2025\/01\/alanzuen-300x230.jpg 300w\" sizes=\"auto, (max-width: 487px) 100vw, 487px\" \/><\/figure>\n\n\n\n<h2 class=\"wp-block-heading\">Inbetriebnahme<\/h2>\n\n\n\n<p>Beim ersten Anz\u00fcnden und nach jedem Auff\u00fcllen des leeren Tanks muss nat\u00fcrlich dem Docht ein bisschen Zeit gegeben werden, damit er sich vollsaugen kann.<\/p>\n\n\n\n<p>Dann nimmt man die komplette Galerie mit Gl\u00fchk\u00f6rper und Glaszylinder zusammen ab, indem man sie nach links dreht, bis sie abgehoben werden kann. Mit dem Einstellrad stellt man den Docht so ein, dass ca. 5 Lochreihen am Flame Spreader frei sind \u2013 und Feuer!<\/p>\n\n\n\n<p>Und das schauen wir uns wieder mal in der&nbsp;Praxis an:<\/p>\n\n\n\n<p>Wenn der Docht ringsum brennt, wird die Galerie wieder aufgesetzt und durch Rechtsdrehen eingerastet. Nun muss bei kleiner Flamme die Lampe 3-4 Minuten vorw\u00e4rmen. Zu beachten ist, dass die Flamme auch w\u00e4hrend dieser Zeit immer blau gef\u00e4rbt ist. Niemals so einstellen, dass die Flamme mit gelber Farbe brennt!<br><img loading=\"lazy\" decoding=\"async\" width=\"301\" height=\"452\" src=\"\" alt=\"Foto: Aladdin in Betrieb ohne Schirm\"><\/p>\n\n\n\n<p>Nach dem Aufw\u00e4rmen kann man den Docht h\u00f6her drehen, bis maximale Helligkeit ohne Flammspitzen am Gl\u00fchk\u00f6rper erreicht ist. Wie <strong>Aladdin\u00ae<\/strong> dann im Betrieb aussieht, zeigt das folgende Bild.<\/p>\n\n\n\n<p>Das ist die angesagte Konfiguration, wenn man wirklich Licht braucht. Gem\u00fctlicher ist&#8217;s mit dem Schirm, wie eingangs zu sehen.<\/p>\n\n\n\n<p>Ich habe mir f\u00fcr meine <strong>Aladdin\u00ae<\/strong> auch ein H\u00e4ngegestell aus Messing gebaut, in das ich die Lampe einsetzen und auf der Terrasse \u00fcber den Tisch h\u00e4ngen kann. So verbreitet diese Lampe ein wirklich gem\u00fctliches, warmes Licht, das an Sommerabenden den Tisch voll ausreichend, aber dezent beleuchtet.<\/p>\n\n\n\n<h2 class=\"wp-block-heading\">Was ist zu beachten?<\/h2>\n\n\n\n<figure class=\"wp-block-image alignleft size-full\"><img loading=\"lazy\" decoding=\"async\" width=\"266\" height=\"400\" src=\"https:\/\/lampenmaxe.de\/wp-content\/uploads\/2025\/01\/alvorw.jpg\" alt=\"\" class=\"wp-image-231\" srcset=\"https:\/\/lampenmaxe.de\/wp-content\/uploads\/2025\/01\/alvorw.jpg 266w, https:\/\/lampenmaxe.de\/wp-content\/uploads\/2025\/01\/alvorw-200x300.jpg 200w\" sizes=\"auto, (max-width: 266px) 100vw, 266px\" \/><\/figure>\n\n\n\n<p><strong>Aladdin\u00ae<\/strong>-Lampen sind an sich pflegeleicht. Es gibt in dem Sinne keine mechanischen Verschlei\u00dfteile wie Ventile, D\u00fcsen und Dichtungen. Lediglich der Docht und der Gl\u00fchk\u00f6rper bed\u00fcrfen einer gewissen Aufmerksamkeit:<\/p>\n\n\n\n<ul class=\"wp-block-list\">\n<li>Defekte Gl\u00fchk\u00f6rper (Riss im Gewebe, Bruch der Haltedr\u00e4hte) sollten ausgewechselt werden.<\/li>\n\n\n\n<li>Der Docht darf nicht verkrusten, sondern soll regelm\u00e4\u00dfig mit dem beigelegten Werkzeug gereinigt werden. Ansonsten kommt es zu unregelm\u00e4\u00dfigem Brand und Flackern.<\/li>\n<\/ul>\n\n\n\n<p>Als Brennstoff sollte nur reines Petroleum verwendet werden. Von der Verwendung irgend welcher Duftpetroleum-Sorten kann (auch aus meiner Erfahrung) nur abgeraten werden \u2013 sie zeigen anderes Brennverhalten und verharzen den Docht.<\/p>\n\n\n\n<p><strong>Aladdin\u00ae-Lampen d\u00fcrfen nicht leerbrennen!<\/strong><\/p>\n\n\n\n<p>Bei zu kleiner Flamme kann der Brenner \u00fcberhitzt werden. Der Docht verglimmt und verkohlt, und das Reinigungswerkzeug muss bem\u00fcht werden. Leider verringert sich dadurch die nutzbare L\u00e4nge des Dochtes.<\/p>\n\n\n\n<p>Sollte also w\u00e4hrend des Betriebes der Brennstoff ausgehen, muss die Lampe gel\u00f6scht, neu bef\u00fcllt und wieder angez\u00fcndet werden. Freilich sollte man vor dem Abnehmen der Galerie warten, bis sie soweit abgek\u00fchlt ist, dass man sie wieder anfassen kann. ,-)<\/p>\n\n\n\n<p>Gel\u00f6scht wird eine Aladdin\u00ae, indem man die Flamme herunterdreht und \u00fcber die obere \u00d6ffnung des Glaszylinders bl\u00e4st.<\/p>\n\n\n\n<p><strong>Wichtig: Immer f\u00fcr gute Bel\u00fcftung sorgen! Bedenken, dass \u00fcber der Lampe hohe Temperaturen herrschen!<\/strong><\/p>\n\n\n\n<h2 class=\"wp-block-heading\">Fehlerbehebung<\/h2>\n\n\n\n<ul class=\"wp-block-list\">\n<li>Wenn die Lampe unregelm\u00e4\u00dfig und flackernd brennt, sollte zuerst einmal der Docht gereinigt werden. Dazu dient das beigelegte Werkzeug (\u201eWick Cleaner\u201c). Eventuell sitzt der Flame Spreader auch nicht richtig \u2013 einmal herausziehen und wieder einsetzen.<\/li>\n\n\n\n<li>Bilden sich schwarze Flecken auf dem Gl\u00fchk\u00f6rper, war die Flamme zu gro\u00df eingestellt. In diesem Falle muss die Flamme auf kleinstm\u00f6gliche Einstellung mit blauer F\u00e4rbung reduziert werden. Ist zwar doof, die Lampe runterzudrehen, wenn man&#8217;s gerade hell braucht, aber 1 cm<sup>2<\/sup> verru\u00dfter Fl\u00e4che am Gl\u00fchk\u00f6rper sind in 5-10 Minuten wieder beseitigt. Also mal kurz zur\u00fccklehnen und den Sternenhimmel betrachten.,-)<\/li>\n<\/ul>\n\n\n\n<p>Ab und zu sollte man auch den Brenner und die Luftkan\u00e4le von Insekten und Kr\u00fcmeln befreien.<\/p>\n\n\n\n<h2 class=\"wp-block-heading\">Nachtrag #1 (23.01.2007)<\/h2>\n\n\n\n<p>Vor einiger Zeit hatte ich mal das Problem, dass die Lampe regelm\u00e4\u00dfig aufblinkte, so ungef\u00e4hr im Sekundentakt. Synchron dazu war ein \u201ebubb-bubb-bubb\u201c zu h\u00f6ren. Je nachdem, wie ich die Galerie gedreht habe, \u00e4nderte sich das. Weg war es meist dann, wenn die Galerie gerade eben in den Haltenasen eingerastet war. <strong>Gef\u00e4hrlich!<\/strong> Beim Hochnehmen konnte es dazu f\u00fchren, dass man die Galerie in der Hand hatte, der Tank aber stehenblieb (oder runterfiel!)<\/p>\n\n\n\n<p>Zieht man den <em>Flame Spreader<\/em> etwa 2mm hoch, hat der Spuk ein Ende (Dank an Johannes Eckhold)! Wenn er in dieser Position h\u00e4lt, ist das in Ordnung. Andernfalls schneidet man sich einen Streifen aus d\u00fcnnem Kupfer- oder Messingblech zu und biegt ihn zu einem passenden Ring, den man als \u201eUnterfutter\u201c in das Brandrohr schiebt. So kann der <em>Flame Spreader<\/em> nicht tieferrutschen.<\/p>\n","protected":false},"excerpt":{"rendered":"<p>Aladdin Rauscht nicht, aber gibt auch Licht. ,-) Typ: Aladdin\u00ae Lamp No. 23 Baujahr: Mitte 1990er-Jahre Namensgebung: Selbstredend, oder? Anschaffung: [&hellip;]<\/p>\n","protected":false},"author":1,"featured_media":0,"parent":0,"menu_order":0,"comment_status":"closed","ping_status":"closed","template":"","meta":{"site-sidebar-layout":"default","site-content-layout":"","ast-site-content-layout":"","site-content-style":"default","site-sidebar-style":"default","ast-global-header-display":"","ast-banner-title-visibility":"","ast-main-header-display":"","ast-hfb-above-header-display":"","ast-hfb-below-header-display":"","ast-hfb-mobile-header-display":"","site-post-title":"disabled","ast-breadcrumbs-content":"","ast-featured-img":"","footer-sml-layout":"","theme-transparent-header-meta":"","adv-header-id-meta":"","stick-header-meta":"","header-above-stick-meta":"","header-main-stick-meta":"","header-below-stick-meta":"","astra-migrate-meta-layouts":"default","ast-page-background-enabled":"default","ast-page-background-meta":{"desktop":{"background-color":"var(--ast-global-color-5)","background-image":"","background-repeat":"repeat","background-position":"center center","background-size":"auto","background-attachment":"scroll","background-type":"","background-media":"","overlay-type":"","overlay-color":"","overlay-opacity":"","overlay-gradient":""},"tablet":{"background-color":"","background-image":"","background-repeat":"repeat","background-position":"center center","background-size":"auto","background-attachment":"scroll","background-type":"","background-media":"","overlay-type":"","overlay-color":"","overlay-opacity":"","overlay-gradient":""},"mobile":{"background-color":"","background-image":"","background-repeat":"repeat","background-position":"center center","background-size":"auto","background-attachment":"scroll","background-type":"","background-media":"","overlay-type":"","overlay-color":"","overlay-opacity":"","overlay-gradient":""}},"ast-content-background-meta":{"desktop":{"background-color":"var(--ast-global-color-4)","background-image":"","background-repeat":"repeat","background-position":"center center","background-size":"auto","background-attachment":"scroll","background-type":"","background-media":"","overlay-type":"","overlay-color":"","overlay-opacity":"","overlay-gradient":""},"tablet":{"background-color":"var(--ast-global-color-4)","background-image":"","background-repeat":"repeat","background-position":"center center","background-size":"auto","background-attachment":"scroll","background-type":"","background-media":"","overlay-type":"","overlay-color":"","overlay-opacity":"","overlay-gradient":""},"mobile":{"background-color":"var(--ast-global-color-4)","background-image":"","background-repeat":"repeat","background-position":"center center","background-size":"auto","background-attachment":"scroll","background-type":"","background-media":"","overlay-type":"","overlay-color":"","overlay-opacity":"","overlay-gradient":""}},"footnotes":""},"class_list":["post-219","page","type-page","status-publish","hentry"],"aioseo_notices":[],"_links":{"self":[{"href":"https:\/\/lampenmaxe.de\/index.php?rest_route=\/wp\/v2\/pages\/219","targetHints":{"allow":["GET"]}}],"collection":[{"href":"https:\/\/lampenmaxe.de\/index.php?rest_route=\/wp\/v2\/pages"}],"about":[{"href":"https:\/\/lampenmaxe.de\/index.php?rest_route=\/wp\/v2\/types\/page"}],"author":[{"embeddable":true,"href":"https:\/\/lampenmaxe.de\/index.php?rest_route=\/wp\/v2\/users\/1"}],"replies":[{"embeddable":true,"href":"https:\/\/lampenmaxe.de\/index.php?rest_route=%2Fwp%2Fv2%2Fcomments&post=219"}],"version-history":[{"count":9,"href":"https:\/\/lampenmaxe.de\/index.php?rest_route=\/wp\/v2\/pages\/219\/revisions"}],"predecessor-version":[{"id":2139,"href":"https:\/\/lampenmaxe.de\/index.php?rest_route=\/wp\/v2\/pages\/219\/revisions\/2139"}],"wp:attachment":[{"href":"https:\/\/lampenmaxe.de\/index.php?rest_route=%2Fwp%2Fv2%2Fmedia&parent=219"}],"curies":[{"name":"wp","href":"https:\/\/api.w.org\/{rel}","templated":true}]}}