{"id":1390,"date":"2025-01-13T15:19:29","date_gmt":"2025-01-13T14:19:29","guid":{"rendered":"https:\/\/lampenmaxe.de\/?page_id=1390"},"modified":"2025-05-29T18:35:41","modified_gmt":"2025-05-29T16:35:41","slug":"schuhcremelampe","status":"publish","type":"page","link":"https:\/\/lampenmaxe.de\/?page_id=1390","title":{"rendered":"Schuhcremelampe"},"content":{"rendered":"\n<figure class=\"wp-block-image alignleft size-full\"><img loading=\"lazy\" decoding=\"async\" width=\"258\" height=\"419\" src=\"https:\/\/lampenmaxe.de\/wp-content\/uploads\/2025\/01\/schuhcremelampe.jpg\" alt=\"\" class=\"wp-image-1391\" srcset=\"https:\/\/lampenmaxe.de\/wp-content\/uploads\/2025\/01\/schuhcremelampe.jpg 258w, https:\/\/lampenmaxe.de\/wp-content\/uploads\/2025\/01\/schuhcremelampe-185x300.jpg 185w\" sizes=\"auto, (max-width: 258px) 100vw, 258px\" \/><\/figure>\n\n\n\n<h1 class=\"wp-block-heading\">Die Schuhcremelampe<\/h1>\n\n\n\n<p>Sie war eigentlich als Ersatzteilspender f\u00fcr <a href=\"https:\/\/lampenmaxe.de\/?page_id=1182\" data-type=\"page\" data-id=\"1182\">Opis Lampe<\/a> gedacht. Passte aber nicht und war zu schade f\u00fcr den Schrott.<\/p>\n\n\n\n<p><strong>Typ:<\/strong> 6&#8220;&#8216; KOSMOS-Brenner, klein aber fein!<\/p>\n\n\n\n<p><strong>Baujahr:<\/strong> Keine Ahnung<\/p>\n\n\n\n<p><strong>Namensgebung:<\/strong> Der Vorbesitzer meinte, sie r\u00f6che beim Betrieb immer nach Schuhcreme.<\/p>\n\n\n\n<p><strong>Zustand:<\/strong> B\u00fcschen oxidiert. ,-) Brenner zerw\u00fcrgt, Glaszylinder fehlte.<\/p>\n\n\n\n<h2 class=\"wp-block-heading\">Ihre Geschichte<\/h2>\n\n\n\n<p>Da kann ich weiter nix zu sagen, als dass der Vorbesitzer sie auch schon vom Flohmarkt geholt hat. Seine Freundin hat das Teil aufgrund der Ausd\u00fcnstungen in die Verbannung geschickt, und so kam sie eigentlich als Ersatzteillager zu mir.<\/p>\n\n\n\n<h2 class=\"wp-block-heading\">Was war zu tun?<\/h2>\n\n\n\n<p>Erst einmal musste der \u201eDuft\u201c beseitigt werden. Dazu habe ich den Tank <strong>von innen<\/strong> mit einem fiesen Putzmittel, das sogar Bitumen aus Pinseln l\u00f6st, und anschlie\u00dfend Natronlauge gereinigt. \u00c4u\u00dferlich waren Sidol\u00ae sowie NevrDull\u00ae angesagt. Ein neuer Brenner und Zylinder wurden montiert, und das L\u00e4mpchen tat wieder seinen Dienst.<\/p>\n\n\n\n<h2 class=\"wp-block-heading\">Besonderheiten<\/h2>\n\n\n\n<p>Eine derartige Konstruktion mit dem Tr\u00e4gerring, den drei Drahtarmen und einer solchen Reflektorhaube ist mir bislang nicht untergekommen. Tank und Schirm sind aus Kupfer, der Fu\u00df aus Messing \u2013 keine beschichteten Stahlteile! Sie ist nat\u00fcrlich nicht sonderlich hell, aber ein 6-Linien-KOSMOS-Brenner ist schon deutlich etwas anderes als die Spielzeuglampen aus Pressglas mit 3mm-Runddocht. Zum bequemen Lesen reicht das Licht allemal.<\/p>\n\n\n\n<p>J\u00fcrgen Breidenstein hat \u00fcbrigens genau so eine Lampe \u2013 den \u201elustigen Gesellen\u201c, wie er sie nennt&#8230;<\/p>\n\n\n\n<h2 class=\"wp-block-heading\">[Nachtrag #1 (30.12.2006)]<\/h2>\n\n\n\n<p>Was ich verga\u00df zu erw\u00e4hnen&#8230; Seit dem <strong>Kleinen Heideleuchten 2005<\/strong> befindet sich der \u201eLustige Geselle\u201c ebenfalls in meinem Besitz. J\u00fcrgen brachte ihn mir als Gastgeschenk mit den Worten, man solle doch Zwillinge nicht trennen. ,-)<\/p>\n\n\n\n<p><\/p>\n","protected":false},"excerpt":{"rendered":"<p>Die Schuhcremelampe Sie war eigentlich als Ersatzteilspender f\u00fcr Opis Lampe gedacht. Passte aber nicht und war zu schade f\u00fcr den [&hellip;]<\/p>\n","protected":false},"author":1,"featured_media":0,"parent":0,"menu_order":0,"comment_status":"closed","ping_status":"closed","template":"","meta":{"site-sidebar-layout":"default","site-content-layout":"","ast-site-content-layout":"","site-content-style":"default","site-sidebar-style":"default","ast-global-header-display":"","ast-banner-title-visibility":"","ast-main-header-display":"","ast-hfb-above-header-display":"","ast-hfb-below-header-display":"","ast-hfb-mobile-header-display":"","site-post-title":"disabled","ast-breadcrumbs-content":"","ast-featured-img":"","footer-sml-layout":"","theme-transparent-header-meta":"","adv-header-id-meta":"","stick-header-meta":"","header-above-stick-meta":"","header-main-stick-meta":"","header-below-stick-meta":"","astra-migrate-meta-layouts":"default","ast-page-background-enabled":"default","ast-page-background-meta":{"desktop":{"background-color":"var(--ast-global-color-5)","background-image":"","background-repeat":"repeat","background-position":"center center","background-size":"auto","background-attachment":"scroll","background-type":"","background-media":"","overlay-type":"","overlay-color":"","overlay-opacity":"","overlay-gradient":""},"tablet":{"background-color":"","background-image":"","background-repeat":"repeat","background-position":"center center","background-size":"auto","background-attachment":"scroll","background-type":"","background-media":"","overlay-type":"","overlay-color":"","overlay-opacity":"","overlay-gradient":""},"mobile":{"background-color":"","background-image":"","background-repeat":"repeat","background-position":"center center","background-size":"auto","background-attachment":"scroll","background-type":"","background-media":"","overlay-type":"","overlay-color":"","overlay-opacity":"","overlay-gradient":""}},"ast-content-background-meta":{"desktop":{"background-color":"var(--ast-global-color-4)","background-image":"","background-repeat":"repeat","background-position":"center center","background-size":"auto","background-attachment":"scroll","background-type":"","background-media":"","overlay-type":"","overlay-color":"","overlay-opacity":"","overlay-gradient":""},"tablet":{"background-color":"var(--ast-global-color-4)","background-image":"","background-repeat":"repeat","background-position":"center center","background-size":"auto","background-attachment":"scroll","background-type":"","background-media":"","overlay-type":"","overlay-color":"","overlay-opacity":"","overlay-gradient":""},"mobile":{"background-color":"var(--ast-global-color-4)","background-image":"","background-repeat":"repeat","background-position":"center center","background-size":"auto","background-attachment":"scroll","background-type":"","background-media":"","overlay-type":"","overlay-color":"","overlay-opacity":"","overlay-gradient":""}},"footnotes":""},"class_list":["post-1390","page","type-page","status-publish","hentry"],"aioseo_notices":[],"_links":{"self":[{"href":"https:\/\/lampenmaxe.de\/index.php?rest_route=\/wp\/v2\/pages\/1390","targetHints":{"allow":["GET"]}}],"collection":[{"href":"https:\/\/lampenmaxe.de\/index.php?rest_route=\/wp\/v2\/pages"}],"about":[{"href":"https:\/\/lampenmaxe.de\/index.php?rest_route=\/wp\/v2\/types\/page"}],"author":[{"embeddable":true,"href":"https:\/\/lampenmaxe.de\/index.php?rest_route=\/wp\/v2\/users\/1"}],"replies":[{"embeddable":true,"href":"https:\/\/lampenmaxe.de\/index.php?rest_route=%2Fwp%2Fv2%2Fcomments&post=1390"}],"version-history":[{"count":2,"href":"https:\/\/lampenmaxe.de\/index.php?rest_route=\/wp\/v2\/pages\/1390\/revisions"}],"predecessor-version":[{"id":2273,"href":"https:\/\/lampenmaxe.de\/index.php?rest_route=\/wp\/v2\/pages\/1390\/revisions\/2273"}],"wp:attachment":[{"href":"https:\/\/lampenmaxe.de\/index.php?rest_route=%2Fwp%2Fv2%2Fmedia&parent=1390"}],"curies":[{"name":"wp","href":"https:\/\/api.w.org\/{rel}","templated":true}]}}