{"id":120,"date":"2025-01-02T13:22:06","date_gmt":"2025-01-02T12:22:06","guid":{"rendered":"https:\/\/lampenmaxe.de\/?page_id=120"},"modified":"2025-05-28T18:05:04","modified_gmt":"2025-05-28T16:05:04","slug":"aida-no-100","status":"publish","type":"page","link":"https:\/\/lampenmaxe.de\/?page_id=120","title":{"rendered":"Aida No 100"},"content":{"rendered":"\n<figure class=\"wp-block-image alignleft size-full\"><img loading=\"lazy\" decoding=\"async\" width=\"369\" height=\"418\" src=\"https:\/\/lampenmaxe.de\/wp-content\/uploads\/2025\/01\/aida_no100.jpg\" alt=\"\" class=\"wp-image-121\" srcset=\"https:\/\/lampenmaxe.de\/wp-content\/uploads\/2025\/01\/aida_no100.jpg 369w, https:\/\/lampenmaxe.de\/wp-content\/uploads\/2025\/01\/aida_no100-265x300.jpg 265w\" sizes=\"auto, (max-width: 369px) 100vw, 369px\" \/><\/figure>\n\n\n\n<h1 class=\"wp-block-heading\">Der Hirschbr\u00e4ter<\/h1>\n\n\n\n<p><strong>Typ:<\/strong> AIDA\u00ae N\u00b0100<\/p>\n\n\n\n<p><strong>Baujahr:<\/strong> Sp\u00e4testens 1959, bevor <strong>Hirschhorn\/AIDA\u00ae<\/strong> in die <strong>Graetz-KG<\/strong> \u00fcbernommen wurde<\/p>\n\n\n\n<p><strong>Namensgebung:<\/strong> Man kann drauf braten, und ein Hirsch ist auch darauf. ,-)<\/p>\n\n\n\n<p><strong>Anschaffung:<\/strong> April 2005<\/p>\n\n\n\n<p><strong>Zustand:<\/strong> Komplett, unbenutzt<\/p>\n\n\n\n<p><br clear=\"all\"><\/p>\n\n\n\n<h2 class=\"wp-block-heading\">Besonderheiten<\/h2>\n\n\n\n<p>Rein technisch gesehen keine. Es handelt sich um einen Kocher, zu dem Teile der heute noch vertriebenen Baugr\u00f6\u00dfe N\u00b01 passen. Nennleistung d\u00fcrfte also wie \u00fcblich bei ca. 2,5kW liegen. Nebenbei ist es ein zerlegbarer Kocher, die Beine sind gesteckt.<\/p>\n\n\n\n<h2 class=\"wp-block-heading\">Seine Geschichte<\/h2>\n\n\n\n<p>Rein historisch gibt es nichts zu erw\u00e4hnen; der Kocher hat irgendwo orignalverpackt vor sich hingeschlummert, bis er irgendwann J\u00fcrgen Breidenstein in die H\u00e4nde fiel. Ja, und&#8230; wie kommt der Kocher nun zu mir?<\/p>\n\n\n\n<p>Das ist eine etwas l\u00e4ngere Geschichte. J\u00fcrgen lie\u00df sich das bereits seit einiger Zeit ausgelaufene Recht am Markennamen <strong>AIDA\u00ae<\/strong> sichern \u2013 dies ist nun amtlich. Zur Vermarktung war aber nun aber auch das Logo n\u00f6tig, welches in Gr\u00f6\u00dfe und Aufl\u00f6sung verschiedenen Anspr\u00fcchen gen\u00fcgen musste. Einzige Quellen waren Scans von Druckerzeugnissen, auf denen der Hirsch mit seinem Horn um den Bauch abgebildet war (siehe <a href=\"https:\/\/lampenmaxe.de\/?page_id=862#Aidalogo\" data-type=\"page\" data-id=\"862\">Firmengeschichte<\/a>).<\/p>\n\n\n\n<p>Das hatte nat\u00fcrlich keine Qualit\u00e4t f\u00fcr Reproduktionen, also war Nacharbeitung angesagt \u2013 bzw. Neuerstellung des Logos im skalierbaren Vektorformat. Nun ja, sowas ist halt ein Steckenpferd von mir. ,-)<\/p>\n\n\n\n<p>Deshalb bot es sich nach kurzem Mailwechsel an, dass ich aufgrund alter Vorlagen das Logo mit CorelDRAW!\u00ae neu erstellte. Das Entgelt haben wir nicht in sch\u00f6dem Mammon ausgehandelt, sondern es gab f\u00fcr mich ein sch\u00f6nes Vitrinenst\u00fcck, welches eben jenen Hirsch tr\u00e4gt.<\/p>\n\n\n\n<p>Ja, <strong>Vitrinenst\u00fcck<\/strong>! Dieser Kocher ist vom Zustand her einfach dazu geeignet, ihn auszustellen, aber nicht zu benutzen. Zum Kochen hab&#8216; ich gen\u00fcgend andere Sammlungs-Objekte.<\/p>\n\n\n\n<h2 class=\"wp-block-heading\">Was war zu tun?<\/h2>\n\n\n\n<p>Nichts! Ja, gut,ein bisschen putzen&#8230; Im Gegensatz zu sonst hier also kein Bild vom Kaffeekochen, sondern eher ein paar Detailfotos. <\/p>\n\n\n\n<figure class=\"wp-block-image alignleft size-full\"><img loading=\"lazy\" decoding=\"async\" width=\"517\" height=\"387\" src=\"https:\/\/lampenmaxe.de\/wp-content\/uploads\/2025\/01\/aida_no100_tank1.jpg\" alt=\"\" class=\"wp-image-126\" srcset=\"https:\/\/lampenmaxe.de\/wp-content\/uploads\/2025\/01\/aida_no100_tank1.jpg 517w, https:\/\/lampenmaxe.de\/wp-content\/uploads\/2025\/01\/aida_no100_tank1-300x225.jpg 300w\" sizes=\"auto, (max-width: 517px) 100vw, 517px\" \/><figcaption class=\"wp-element-caption\">Der Tank mit Pumpe und F\u00fcll-\/Entl\u00fcftungsschraube<\/figcaption><\/figure>\n\n\n\n<figure class=\"wp-block-image alignleft size-full\"><img loading=\"lazy\" decoding=\"async\" width=\"318\" height=\"317\" src=\"https:\/\/lampenmaxe.de\/wp-content\/uploads\/2025\/01\/aida_no100_brenner.jpg\" alt=\"\" class=\"wp-image-139\" srcset=\"https:\/\/lampenmaxe.de\/wp-content\/uploads\/2025\/01\/aida_no100_brenner.jpg 318w, https:\/\/lampenmaxe.de\/wp-content\/uploads\/2025\/01\/aida_no100_brenner-300x300.jpg 300w, https:\/\/lampenmaxe.de\/wp-content\/uploads\/2025\/01\/aida_no100_brenner-150x150.jpg 150w\" sizes=\"auto, (max-width: 318px) 100vw, 318px\" \/><figcaption class=\"wp-element-caption\">Der Brenner von oben \u2013 zweisprachig beschriftet<\/figcaption><\/figure>\n\n\n\n<figure class=\"wp-block-image alignleft size-full\"><img loading=\"lazy\" decoding=\"async\" width=\"416\" height=\"216\" src=\"https:\/\/lampenmaxe.de\/wp-content\/uploads\/2025\/01\/aida_no100_tank2.jpg\" alt=\"\" class=\"wp-image-140\" srcset=\"https:\/\/lampenmaxe.de\/wp-content\/uploads\/2025\/01\/aida_no100_tank2.jpg 416w, https:\/\/lampenmaxe.de\/wp-content\/uploads\/2025\/01\/aida_no100_tank2-300x156.jpg 300w\" sizes=\"auto, (max-width: 416px) 100vw, 416px\" \/><figcaption class=\"wp-element-caption\">Gemacht f\u00fcr die Welt! Deutsch, Englisch, Franz\u00f6sisch, Arabisch, Indisch?<\/figcaption><\/figure>\n\n\n\n<figure class=\"wp-block-image size-full\"><img loading=\"lazy\" decoding=\"async\" width=\"217\" height=\"126\" src=\"https:\/\/lampenmaxe.de\/wp-content\/uploads\/2025\/01\/aida_no100_rost.jpg\" alt=\"\" class=\"wp-image-141\"\/><figcaption class=\"wp-element-caption\">Bei der Rostauflage gibt es keinen Zweifel \u00fcber den Hersteller<\/figcaption><\/figure>\n\n\n\n<p><\/p>\n","protected":false},"excerpt":{"rendered":"<p>Der Hirschbr\u00e4ter Typ: AIDA\u00ae N\u00b0100 Baujahr: Sp\u00e4testens 1959, bevor Hirschhorn\/AIDA\u00ae in die Graetz-KG \u00fcbernommen wurde Namensgebung: Man kann drauf braten, [&hellip;]<\/p>\n","protected":false},"author":1,"featured_media":0,"parent":0,"menu_order":0,"comment_status":"closed","ping_status":"closed","template":"","meta":{"site-sidebar-layout":"default","site-content-layout":"","ast-site-content-layout":"","site-content-style":"default","site-sidebar-style":"default","ast-global-header-display":"","ast-banner-title-visibility":"","ast-main-header-display":"","ast-hfb-above-header-display":"","ast-hfb-below-header-display":"","ast-hfb-mobile-header-display":"","site-post-title":"disabled","ast-breadcrumbs-content":"","ast-featured-img":"","footer-sml-layout":"","theme-transparent-header-meta":"","adv-header-id-meta":"","stick-header-meta":"","header-above-stick-meta":"","header-main-stick-meta":"","header-below-stick-meta":"","astra-migrate-meta-layouts":"default","ast-page-background-enabled":"default","ast-page-background-meta":{"desktop":{"background-color":"var(--ast-global-color-5)","background-image":"","background-repeat":"repeat","background-position":"center center","background-size":"auto","background-attachment":"scroll","background-type":"","background-media":"","overlay-type":"","overlay-color":"","overlay-opacity":"","overlay-gradient":""},"tablet":{"background-color":"","background-image":"","background-repeat":"repeat","background-position":"center center","background-size":"auto","background-attachment":"scroll","background-type":"","background-media":"","overlay-type":"","overlay-color":"","overlay-opacity":"","overlay-gradient":""},"mobile":{"background-color":"","background-image":"","background-repeat":"repeat","background-position":"center center","background-size":"auto","background-attachment":"scroll","background-type":"","background-media":"","overlay-type":"","overlay-color":"","overlay-opacity":"","overlay-gradient":""}},"ast-content-background-meta":{"desktop":{"background-color":"var(--ast-global-color-4)","background-image":"","background-repeat":"repeat","background-position":"center center","background-size":"auto","background-attachment":"scroll","background-type":"","background-media":"","overlay-type":"","overlay-color":"","overlay-opacity":"","overlay-gradient":""},"tablet":{"background-color":"var(--ast-global-color-4)","background-image":"","background-repeat":"repeat","background-position":"center center","background-size":"auto","background-attachment":"scroll","background-type":"","background-media":"","overlay-type":"","overlay-color":"","overlay-opacity":"","overlay-gradient":""},"mobile":{"background-color":"var(--ast-global-color-4)","background-image":"","background-repeat":"repeat","background-position":"center center","background-size":"auto","background-attachment":"scroll","background-type":"","background-media":"","overlay-type":"","overlay-color":"","overlay-opacity":"","overlay-gradient":""}},"footnotes":""},"class_list":["post-120","page","type-page","status-publish","hentry"],"aioseo_notices":[],"_links":{"self":[{"href":"https:\/\/lampenmaxe.de\/index.php?rest_route=\/wp\/v2\/pages\/120","targetHints":{"allow":["GET"]}}],"collection":[{"href":"https:\/\/lampenmaxe.de\/index.php?rest_route=\/wp\/v2\/pages"}],"about":[{"href":"https:\/\/lampenmaxe.de\/index.php?rest_route=\/wp\/v2\/types\/page"}],"author":[{"embeddable":true,"href":"https:\/\/lampenmaxe.de\/index.php?rest_route=\/wp\/v2\/users\/1"}],"replies":[{"embeddable":true,"href":"https:\/\/lampenmaxe.de\/index.php?rest_route=%2Fwp%2Fv2%2Fcomments&post=120"}],"version-history":[{"count":23,"href":"https:\/\/lampenmaxe.de\/index.php?rest_route=\/wp\/v2\/pages\/120\/revisions"}],"predecessor-version":[{"id":2135,"href":"https:\/\/lampenmaxe.de\/index.php?rest_route=\/wp\/v2\/pages\/120\/revisions\/2135"}],"wp:attachment":[{"href":"https:\/\/lampenmaxe.de\/index.php?rest_route=%2Fwp%2Fv2%2Fmedia&parent=120"}],"curies":[{"name":"wp","href":"https:\/\/api.w.org\/{rel}","templated":true}]}}