{"id":1115,"date":"2025-01-12T14:34:17","date_gmt":"2025-01-12T13:34:17","guid":{"rendered":"https:\/\/lampenmaxe.de\/?page_id=1115"},"modified":"2025-05-29T16:09:14","modified_gmt":"2025-05-29T14:09:14","slug":"meva-no1","status":"publish","type":"page","link":"https:\/\/lampenmaxe.de\/?page_id=1115","title":{"rendered":"Meva No1"},"content":{"rendered":"\n<figure class=\"wp-block-image alignleft size-full\"><img loading=\"lazy\" decoding=\"async\" width=\"480\" height=\"511\" src=\"https:\/\/lampenmaxe.de\/wp-content\/uploads\/2025\/01\/meva_no1g-1.jpg\" alt=\"\" class=\"wp-image-1117\" srcset=\"https:\/\/lampenmaxe.de\/wp-content\/uploads\/2025\/01\/meva_no1g-1.jpg 480w, https:\/\/lampenmaxe.de\/wp-content\/uploads\/2025\/01\/meva_no1g-1-282x300.jpg 282w\" sizes=\"auto, (max-width: 480px) 100vw, 480px\" \/><\/figure>\n\n\n\n<h1 class=\"wp-block-heading\">Der Tscheche<\/h1>\n\n\n\n<p><strong>Typ<\/strong>: Meva\u00ae No 1<\/p>\n\n\n\n<p><strong>Alter:<\/strong> Nach Tankpr\u00e4gung und Packungsstempel Baujahr 1967.<\/p>\n\n\n\n<p><strong>Namensgebung:<\/strong> Meva\u00ae-Kocher sind \u201eMade in Czechoslovakia\u201c. Nennleistung wahrscheinlich wie bei anderen \u201eNo 1\u201c-Modellen 2,5 kW.<\/p>\n\n\n\n<p><strong>Anschaffung:<\/strong> Februar 2004 aus England&#8230;<\/p>\n\n\n\n<p><strong>Zustand:<\/strong> Kocher komplett mit Rost und Reinigungsnadeln. Sah gut aus, lief sofort \u2013 der Brenner tut aber nicht ordentlich.<\/p>\n\n\n\n<div style=\"height:10px\" aria-hidden=\"true\" class=\"wp-block-spacer\"><\/div>\n\n\n\n<h2 class=\"wp-block-heading\">Geschichte<\/h2>\n\n\n\n<p>Auch zu diesem Kocher wei\u00df ich nicht mehr, als dass er via \u201eRoyal Air Mail\u201c hier eintraf. Allerdings kann man sich ein wenig \u00fcber die <strong>Firmengeschichte<\/strong> von <strong>Mewa\u00ae<\/strong> bzw. <strong>Meva\u00ae<\/strong> ansehen \u2013 diese Firma gibt es noch! Deswegen schreibe ich da jetzt nicht viel zu, sondern verweise auf auf die <strong><a href=\"http:\/\/www.meva.cz\" target=\"_blank\" rel=\"noreferrer noopener\">Meva\u00ae<\/a><\/strong><a href=\"http:\/\/www.meva.cz\" target=\"_blank\" rel=\"noreferrer noopener\">-Homepage<\/a> (tschechische und englische Seiten).<\/p>\n\n\n\n<h2 class=\"wp-block-heading\">Besonderheiten:<\/h2>\n\n\n\n<figure class=\"wp-block-image alignright size-full\"><img loading=\"lazy\" decoding=\"async\" width=\"368\" height=\"296\" src=\"https:\/\/lampenmaxe.de\/wp-content\/uploads\/2025\/01\/meva_logo.jpg\" alt=\"\" class=\"wp-image-1120\" srcset=\"https:\/\/lampenmaxe.de\/wp-content\/uploads\/2025\/01\/meva_logo.jpg 368w, https:\/\/lampenmaxe.de\/wp-content\/uploads\/2025\/01\/meva_logo-300x241.jpg 300w\" sizes=\"auto, (max-width: 368px) 100vw, 368px\" \/><\/figure>\n\n\n\n<p>Dieser Kocher ist im Prinzip baugleich mit dem <strong>Optimus\u00ae No1<\/strong>, allerdings handelt es sich hier eindeutig um eine Camping-Version: Die Haltest\u00e4be sind steckbar, und der Brenner ist bis zur Tank\u00f6ffnung herunter demontierbar. F\u00fcr den Transport wird ein Dichtstopfen eingeschraubt.<\/p>\n\n\n\n<p>Das Logo erinnert mich ein bisschen an <strong>Primus\u00ae<\/strong>:<br>Ein \u201cP\u201c links, ein Kocher in der Mitte und ein \u201eS\u201c rechts. Also nicht, dass man hier etwas zu verschleiern suchte, nein \u2013 man hat auch das Logo ein wenig \u201enachgebaut\u201c. ,-)<\/p>\n\n\n\n<p>Beim Rumst\u00f6bern auf Kocher-Sites im WWW bin ich auf das Logo der Firma <strong>Pragus\u00ae<\/strong> aus \u00d6sterreich gesto\u00dfen: Die beiden sind sogar identisch.<\/p>\n\n\n\n<h2 class=\"wp-block-heading\">Was war zu tun?<\/h2>\n\n\n\n<p>Tja, ich kann hier langsam den Begriff \u201eRoutine\u201c gebrauchen. Inaugenscheinnahme, Testlauf \u2013 und dann nochmal gr\u00fcndlich alles inspizieren. Hier war beim Eimer-Test wirklich <strong>alles<\/strong> dicht, sogar das Pumpenventil. Hab&#8217;s aber trotzdem ausgebaut \u2013 auch hier wieder kompatibel zu den Lampenventilen, im Gegensatz zu meinen anderen Kochern aber mit normalem Schlitzkopf, nicht mit dem \u201eZweikant\u201c oder Steg, wie er auch hei\u00dft.<\/p>\n\n\n\n<p>Abermals hatte ich den Eindruck einer rudiment\u00e4r vorhandenen Zaponlack-Beschichtung. Na, Sidol\u00ae, Polierscheibe, Nitro und Spiritus her und das \u00fcbliche Procedere starten. Hier waren zum Gl\u00fcck die Haltest\u00e4be ohne L\u00f6tarbeiten entfernbar. \ud83d\ude09 Sch\u00f6n mit Zaponlack gepinselt, sah er gleich wieder viel frischer aus.<\/p>\n\n\n\n<p>Aber der Brenner machte mir Sorgen, er brannte extrem einseitig. Bei n\u00e4herem Hinsehen war auch erkennbar, dass er in sich nicht gerade zusammengebaut war. Symptomatisch f\u00fcr Ost-Produkte?&#8230; Die Leistung lie\u00df ernsthaft zu w\u00fcnschen \u00fcbrig.<\/p>\n\n\n\n<blockquote class=\"wp-block-quote is-layout-flow wp-block-quote-is-layout-flow\">\n<p><strong>Leistungstest<\/strong><br>Bei No1-Modellen gilt folgende Faustregel:<br>\u201eTwo pints of cold water should boil within 3 &#8211; 4 minutes.\u201c<br>(Ca. 1100ml kaltes Wasser sollen in drei bis 4 Minuten kochen)<\/p>\n<\/blockquote>\n\n\n\n<figure class=\"wp-block-image alignleft size-full\"><img loading=\"lazy\" decoding=\"async\" width=\"480\" height=\"365\" src=\"https:\/\/lampenmaxe.de\/wp-content\/uploads\/2025\/01\/meva_flamme.jpg\" alt=\"\" class=\"wp-image-1121\" srcset=\"https:\/\/lampenmaxe.de\/wp-content\/uploads\/2025\/01\/meva_flamme.jpg 480w, https:\/\/lampenmaxe.de\/wp-content\/uploads\/2025\/01\/meva_flamme-300x228.jpg 300w\" sizes=\"auto, (max-width: 480px) 100vw, 480px\" \/><figcaption class=\"wp-element-caption\">2,5kW Roaring Burner bei der Arbeit<\/figcaption><\/figure>\n\n\n\n<p><\/p>\n\n\n\n<p>Da war \u00fcberhaupt nicht dran zu denken. Ich habe versucht, den Brenner mit der L\u00f6tflamme zu richten, aber das Material war bereits zu por\u00f6s. Nach jedem Dichtl\u00f6ten und anschlie\u00dfender Inbetriebnahme schossen an anderen Stellen kleine Stichflammen heraus, die das Flammenbild erheblich st\u00f6rten. Austauschkandidat also.<\/p>\n\n\n\n<p>Ferner war ich der Meinung, dass \u2013 wie bei den Lampenvergasern auch \u2013 die Verschraubung zwischen Steigrohr und Oberteil (Brenner) an sich schon ein Dichtsitz w\u00e4re. Weit gefehlt! Nach l\u00e4ngerem Betrieb fing der Kocher an zu m\u00fcffeln, und zeitweise flammte es in der Vorheizschale. Der Test mit aufgespr\u00fchtem Seifenwasser zeigte: Da war was nicht dicht! Sicher waren die beim Erhalt reingew\u00fcrgt vorgefundenen, zu gro\u00dfen Dichtscheiben ein Provisorium, aber nachdem ich Teile-Listen und Explosionszeichnungen zusammengesurft hatte, musste ich feststellen:<\/p>\n\n\n\n<p><strong>Da geh\u00f6rt eine Dichtung rein!<\/strong><\/p>\n\n\n\n<p>Allerdings eine Asbest-Dichtung, und das Zeug mag ich nicht besonders. Ich habe es mit einer Kupferdichtung versucht, aber die wollte auch nicht so wie ich. Ich habe mich dann an meine \u201eKlempnerschachtel\u201c erinnert und eine Rolle Teflon-Dichtungsband hervorgezogen. F\u00fcr weitere Testl\u00e4ufe h\u00e4lt das bislang. Vielleicht ja auch dauerhaft \u2013 wenn nicht, gibt&#8217;s wieder einen Nachtrag. ,-)<\/p>\n\n\n\n<p>Ja, und zwischen Steigrohr und Tank soll auch eine Dichtung. Hmmmm&#8230; beim (nicht zerlegbaren) <strong>Optimus\u00ae No1<\/strong> ist das Steigrohr am Tank weichgel\u00f6tet. Aus thermischer Sicht sollte das also an dieser Stelle auch mit einer Bleidichtung funktionieren. Tut es bislang auch.<\/p>\n","protected":false},"excerpt":{"rendered":"<p>Der Tscheche Typ: Meva\u00ae No 1 Alter: Nach Tankpr\u00e4gung und Packungsstempel Baujahr 1967. Namensgebung: Meva\u00ae-Kocher sind \u201eMade in Czechoslovakia\u201c. Nennleistung [&hellip;]<\/p>\n","protected":false},"author":1,"featured_media":0,"parent":0,"menu_order":0,"comment_status":"closed","ping_status":"closed","template":"","meta":{"site-sidebar-layout":"default","site-content-layout":"","ast-site-content-layout":"","site-content-style":"default","site-sidebar-style":"default","ast-global-header-display":"","ast-banner-title-visibility":"","ast-main-header-display":"","ast-hfb-above-header-display":"","ast-hfb-below-header-display":"","ast-hfb-mobile-header-display":"","site-post-title":"disabled","ast-breadcrumbs-content":"","ast-featured-img":"","footer-sml-layout":"","theme-transparent-header-meta":"","adv-header-id-meta":"","stick-header-meta":"","header-above-stick-meta":"","header-main-stick-meta":"","header-below-stick-meta":"","astra-migrate-meta-layouts":"default","ast-page-background-enabled":"default","ast-page-background-meta":{"desktop":{"background-color":"var(--ast-global-color-5)","background-image":"","background-repeat":"repeat","background-position":"center center","background-size":"auto","background-attachment":"scroll","background-type":"","background-media":"","overlay-type":"","overlay-color":"","overlay-opacity":"","overlay-gradient":""},"tablet":{"background-color":"","background-image":"","background-repeat":"repeat","background-position":"center center","background-size":"auto","background-attachment":"scroll","background-type":"","background-media":"","overlay-type":"","overlay-color":"","overlay-opacity":"","overlay-gradient":""},"mobile":{"background-color":"","background-image":"","background-repeat":"repeat","background-position":"center center","background-size":"auto","background-attachment":"scroll","background-type":"","background-media":"","overlay-type":"","overlay-color":"","overlay-opacity":"","overlay-gradient":""}},"ast-content-background-meta":{"desktop":{"background-color":"var(--ast-global-color-4)","background-image":"","background-repeat":"repeat","background-position":"center center","background-size":"auto","background-attachment":"scroll","background-type":"","background-media":"","overlay-type":"","overlay-color":"","overlay-opacity":"","overlay-gradient":""},"tablet":{"background-color":"var(--ast-global-color-4)","background-image":"","background-repeat":"repeat","background-position":"center center","background-size":"auto","background-attachment":"scroll","background-type":"","background-media":"","overlay-type":"","overlay-color":"","overlay-opacity":"","overlay-gradient":""},"mobile":{"background-color":"var(--ast-global-color-4)","background-image":"","background-repeat":"repeat","background-position":"center center","background-size":"auto","background-attachment":"scroll","background-type":"","background-media":"","overlay-type":"","overlay-color":"","overlay-opacity":"","overlay-gradient":""}},"footnotes":""},"class_list":["post-1115","page","type-page","status-publish","hentry"],"aioseo_notices":[],"_links":{"self":[{"href":"https:\/\/lampenmaxe.de\/index.php?rest_route=\/wp\/v2\/pages\/1115","targetHints":{"allow":["GET"]}}],"collection":[{"href":"https:\/\/lampenmaxe.de\/index.php?rest_route=\/wp\/v2\/pages"}],"about":[{"href":"https:\/\/lampenmaxe.de\/index.php?rest_route=\/wp\/v2\/types\/page"}],"author":[{"embeddable":true,"href":"https:\/\/lampenmaxe.de\/index.php?rest_route=\/wp\/v2\/users\/1"}],"replies":[{"embeddable":true,"href":"https:\/\/lampenmaxe.de\/index.php?rest_route=%2Fwp%2Fv2%2Fcomments&post=1115"}],"version-history":[{"count":4,"href":"https:\/\/lampenmaxe.de\/index.php?rest_route=\/wp\/v2\/pages\/1115\/revisions"}],"predecessor-version":[{"id":2237,"href":"https:\/\/lampenmaxe.de\/index.php?rest_route=\/wp\/v2\/pages\/1115\/revisions\/2237"}],"wp:attachment":[{"href":"https:\/\/lampenmaxe.de\/index.php?rest_route=%2Fwp%2Fv2%2Fmedia&parent=1115"}],"curies":[{"name":"wp","href":"https:\/\/api.w.org\/{rel}","templated":true}]}}